{"id":74,"date":"2022-06-23T14:55:15","date_gmt":"2022-06-23T14:55:15","guid":{"rendered":"http:\/\/mh.markoandplacemakers.com\/?page_id=74"},"modified":"2022-07-11T09:35:57","modified_gmt":"2022-07-11T09:35:57","slug":"home","status":"publish","type":"page","link":"https:\/\/milotahavrankova.com\/sk\/","title":{"rendered":"Milota Havr\u00e1nkov\u00e1"},"content":{"rendered":"\n<div class=\"wp-block-cover alignfull front-page-cover-photo\" style=\"min-height:100vh;aspect-ratio:unset;\"><span aria-hidden=\"true\" class=\"wp-block-cover__background has-background-dim-20 has-background-dim\"><\/span><img decoding=\"async\" width=\"1575\" height=\"1036\" class=\"wp-block-cover__image-background wp-image-193 lazyload\" alt=\"\" data-src=\"http:\/\/milotahavrankova.com\/wp-content\/uploads\/2022\/06\/cover.jpg\" data-object-fit=\"cover\" data-srcset=\"https:\/\/milotahavrankova.com\/wp-content\/uploads\/2022\/06\/cover.jpg 1575w, https:\/\/milotahavrankova.com\/wp-content\/uploads\/2022\/06\/cover-300x197.jpg 300w, https:\/\/milotahavrankova.com\/wp-content\/uploads\/2022\/06\/cover-1024x674.jpg 1024w, https:\/\/milotahavrankova.com\/wp-content\/uploads\/2022\/06\/cover-768x505.jpg 768w, https:\/\/milotahavrankova.com\/wp-content\/uploads\/2022\/06\/cover-1536x1010.jpg 1536w\" data-sizes=\"(max-width: 1575px) 100vw, 1575px\" src=\"data:image\/svg+xml;base64,PHN2ZyB3aWR0aD0iMSIgaGVpZ2h0PSIxIiB4bWxucz0iaHR0cDovL3d3dy53My5vcmcvMjAwMC9zdmciPjwvc3ZnPg==\" style=\"--smush-placeholder-width: 1575px; --smush-placeholder-aspect-ratio: 1575\/1036;\" \/><div class=\"wp-block-cover__inner-container is-layout-flow wp-block-cover-is-layout-flow\">\n<p class=\"has-text-align-left has-large-font-size\">Milota Havr\u00e1nkov\u00e1 je fotografka, ktor\u00fa v slovenskej i \u010deskej fotografii pova\u017euj\u00fa za jedine\u010dn\u00fd zjav. Vst\u00fapila na umeleck\u00fa sc\u00e9nu koncom 60. rokov 20. storo\u010dia, v \u010dase ke\u010f si experiment\u00e1lna inscenovan\u00e1 fotografia za\u010dala v\u00fdraznej\u0161ie presadzova\u0165 svoju poz\u00edciu v r\u00e1mci v\u0161eobecn\u00e9ho kontextu v umen\u00ed. Experimentuje, l\u00e1me trad\u00edcie, u\u017e zau\u017e\u00edvan\u00fd rukopis men\u00ed a modernizuje. Cez fotografiu s\u00fastavne a presved\u010dene demon\u0161truje vlastn\u00fd nekompromisn\u00fd postoj k ot\u00e1zkam vn\u00fatornej umeleckej slobody.<\/p>\n<\/div><\/div>\n","protected":false},"excerpt":{"rendered":"","protected":false},"author":1,"featured_media":0,"parent":0,"menu_order":0,"comment_status":"closed","ping_status":"closed","template":"","meta":{"site-sidebar-layout":"default","site-content-layout":"","ast-site-content-layout":"default","site-content-style":"default","site-sidebar-style":"default","ast-global-header-display":"","ast-banner-title-visibility":"","ast-main-header-display":"","ast-hfb-above-header-display":"","ast-hfb-below-header-display":"","ast-hfb-mobile-header-display":"","site-post-title":"disabled","ast-breadcrumbs-content":"","ast-featured-img":"","footer-sml-layout":"","ast-disable-related-posts":"","theme-transparent-header-meta":"","adv-header-id-meta":"","stick-header-meta":"","header-above-stick-meta":"","header-main-stick-meta":"","header-below-stick-meta":"","astra-migrate-meta-layouts":"default","ast-page-background-enabled":"default","ast-page-background-meta":{"desktop":{"background-color":"var(--ast-global-color-4)","background-image":"","background-repeat":"repeat","background-position":"center center","background-size":"auto","background-attachment":"scroll","background-type":"","background-media":"","overlay-type":"","overlay-color":"","overlay-opacity":"","overlay-gradient":""},"tablet":{"background-color":"","background-image":"","background-repeat":"repeat","background-position":"center center","background-size":"auto","background-attachment":"scroll","background-type":"","background-media":"","overlay-type":"","overlay-color":"","overlay-opacity":"","overlay-gradient":""},"mobile":{"background-color":"","background-image":"","background-repeat":"repeat","background-position":"center center","background-size":"auto","background-attachment":"scroll","background-type":"","background-media":"","overlay-type":"","overlay-color":"","overlay-opacity":"","overlay-gradient":""}},"ast-content-background-meta":{"desktop":{"background-color":"var(--ast-global-color-5)","background-image":"","background-repeat":"repeat","background-position":"center center","background-size":"auto","background-attachment":"scroll","background-type":"","background-media":"","overlay-type":"","overlay-color":"","overlay-opacity":"","overlay-gradient":""},"tablet":{"background-color":"var(--ast-global-color-5)","background-image":"","background-repeat":"repeat","background-position":"center center","background-size":"auto","background-attachment":"scroll","background-type":"","background-media":"","overlay-type":"","overlay-color":"","overlay-opacity":"","overlay-gradient":""},"mobile":{"background-color":"var(--ast-global-color-5)","background-image":"","background-repeat":"repeat","background-position":"center center","background-size":"auto","background-attachment":"scroll","background-type":"","background-media":"","overlay-type":"","overlay-color":"","overlay-opacity":"","overlay-gradient":""}},"footnotes":""},"class_list":["post-74","page","type-page","status-publish","hentry"],"_links":{"self":[{"href":"https:\/\/milotahavrankova.com\/sk\/wp-json\/wp\/v2\/pages\/74","targetHints":{"allow":["GET"]}}],"collection":[{"href":"https:\/\/milotahavrankova.com\/sk\/wp-json\/wp\/v2\/pages"}],"about":[{"href":"https:\/\/milotahavrankova.com\/sk\/wp-json\/wp\/v2\/types\/page"}],"author":[{"embeddable":true,"href":"https:\/\/milotahavrankova.com\/sk\/wp-json\/wp\/v2\/users\/1"}],"replies":[{"embeddable":true,"href":"https:\/\/milotahavrankova.com\/sk\/wp-json\/wp\/v2\/comments?post=74"}],"version-history":[{"count":12,"href":"https:\/\/milotahavrankova.com\/sk\/wp-json\/wp\/v2\/pages\/74\/revisions"}],"predecessor-version":[{"id":764,"href":"https:\/\/milotahavrankova.com\/sk\/wp-json\/wp\/v2\/pages\/74\/revisions\/764"}],"wp:attachment":[{"href":"https:\/\/milotahavrankova.com\/sk\/wp-json\/wp\/v2\/media?parent=74"}],"curies":[{"name":"wp","href":"https:\/\/api.w.org\/{rel}","templated":true}]}}