{"id":229,"date":"2022-06-28T14:31:19","date_gmt":"2022-06-28T14:31:19","guid":{"rendered":"http:\/\/mh.markoandplacemakers.com\/?page_id=229"},"modified":"2022-07-11T09:23:55","modified_gmt":"2022-07-11T09:23:55","slug":"publikacie","status":"publish","type":"page","link":"https:\/\/milotahavrankova.com\/sk\/publikacie\/","title":{"rendered":"Publik\u00e1cie"},"content":{"rendered":"\n<div class=\"wp-block-columns is-layout-flex wp-container-core-columns-is-layout-c6bc58be wp-block-columns-is-layout-flex\" style=\"padding-top:0px;padding-right:0px;padding-bottom:0px;padding-left:0px\">\n<div class=\"wp-block-column is-layout-flow wp-block-column-is-layout-flow\">\n<p><strong>VYBRAN\u00c9 PUBLIK\u00c1CIE A M\u00c9DI\u00c1<\/strong><\/p>\n\n\n\n<p><a href=\"https:\/\/www.sedf.sk\/wp-content\/uploads\/2022\/02\/fotonoviny58.pdf\">2022\u00a0<strong>Foto Noviny 58\/22 \/\u00a0<\/strong>Milota Havr\u00e1nkov\u00e1: Nerob\u00edm fotografiu preto, aby som urobila fotografiu<\/a><br><a href=\"https:\/\/www.dokumentmagazin.sk\/clanok\/v-kolobehu-sebaoslobodzovania?fbclid=IwAR08vxlFIML0jf4tLUbrt_3FekK392bEFuboYOifXxePugKdHVCpV8NcDTY\">2022 Dokument \/\u00a0Branislav \u0160t\u011bp\u00e1nek.\u00a0V kolobehu sebaoslobodzovania<\/a><br>2021\u00a0<strong>Forbes SK \/\u00a0<\/strong>\u017divot ako na fotke<br><a href=\"https:\/\/dennikn.sk\/2599281\/maju-guraz-ist-vlastnou-cestou-vystava-latentne-revolucie-ukazuje-tvorbu-troch-vynimocnych-fotografiek\/?fbclid=IwAR2E4q_3cW7gCMjtnLwpkV35LvgPXskyIU_Zf3R-XsuSYUCP21c5PcfdG60\">2021 <strong>DennikN<\/strong> \/\u00a0Maj\u00fa gur\u00e1\u017e \u00eds\u0165 vlastnou cestou. V\u00fdstava Latentn\u00e9 revol\u00facie ukazuje tvorbu troch v\u00fdnimo\u010dn\u00fdch fotografiek<\/a><br><a href=\"https:\/\/www.milliardcity.com\/milota-havrankova-moj-postoj-voci-fotografii-sa-stale-meni\/\">2021 <strong>Milliard Sun<\/strong> \/\u00a0Milota Havr\u00e1nkov\u00e1: \u201eM\u00f4j postoj vo\u010di fotografii sa st\u00e1le men\u00ed\u201c<\/a><br><a rel=\"noreferrer noopener\" href=\"https:\/\/www.aktuality.sk\/clanok\/fwbnns3\/milota-havrankova-prva-dama-slovenskej-vytvarnej-fotografie-podcast\/\" target=\"_blank\">2021 <strong>Aktuality podcast<\/strong> \/ Milota Havr\u00e1nkov\u00e1 \u2013 prv\u00e1 d\u00e1ma slovenskej v\u00fdtvarnej fotografie (podcast)<\/a><br><a rel=\"noreferrer noopener\" href=\"https:\/\/kultura.pravda.sk\/galeria\/clanok\/556820-fotografka-milota-havrankova-na-ulici-fotky-nelovim\/\" target=\"_blank\">2020 <strong>Pravda<\/strong> \/ Fotografka Milota Havr\u00e1nkov\u00e1: Na ulici fotky nelov\u00edm<\/a><br><a rel=\"noreferrer noopener\" href=\"https:\/\/www.webumenia.sk\/en\/clanok\/milota-havrankova-autoportret\" target=\"_blank\">2020 <strong>web umenia<\/strong> \/\u00a0Milota Havr\u00e1nkov\u00e1 \u2013 Autoportr\u00e9t<\/a><br><a href=\"https:\/\/www.forbes.sk\/najdolezitejsie-je-vediet-zit-od-toho-sa-odvija-ostatne\/\">2019\u00a0<strong>Forbes SK \/\u00a0<\/strong>Najd\u00f4le\u017eitej\u0161ie je vedie\u0165 \u017ei\u0165. Od toho sa odv\u00edja ostatn\u00e9.<\/a><br><a href=\"https:\/\/www.dokumentmagazin.sk\/clanok\/vzdy-som-milovala-to-cim-som-zila-a-na-com-som-pracovala\">20XX<strong> Dokument magaz\u00edn \/<\/strong>\u00a0Milota Havr\u00e1nkov\u00e1.\u00a0V\u017edy som milovala to, \u010d\u00edm som \u017eila a\u00a0na \u010dom som pracovala.<\/a><br><a href=\"https:\/\/flashart.cz\/2020\/05\/05\/milota-havrankova-vychodoslovenska-galeria-kosice\/\">2020 <strong>Flash Art<\/strong> \/\u00a0MILOTA HAVR\u00c1NKOV\u00c1: V\u00fdchodoslovensk\u00e1 gal\u00e9ria Ko\u0161ice<\/a><br><a href=\"https:\/\/www.lexikon.sk\/torzo-laboratorium-vecnych-navratov-fotografky-miloty-havrankovej\/\">2019 <strong>Lexikon<\/strong> \/\u00a0Torzo \u2013 Laborat\u00f3rium ve\u010dn\u00fdch n\u00e1vratov fotografky Miloty Havr\u00e1nkovej<\/a><br><a href=\"https:\/\/artalk.cz\/2019\/10\/25\/ts-milota-havrankova\/\">2019 <strong>Artalk.cz<\/strong> \/\u00a0TS: Milota Havr\u00e1nkov\u00e1<\/a><br><a href=\"https:\/\/devin.rtvs.sk\/clanky\/kulturny-dennik\/209256\/vsg-vystavuje-torzo-miloty-havrankovej\">2019 <strong>RTV<\/strong> \/ VSG vystavuje Torzo Miloty Havr\u00e1nkovej<\/a><br><a href=\"https:\/\/www.pametnaroda.cz\/sk\/havrankova-milota-1945\">2018 <strong>Pam\u011b\u0165 n\u00e1roda<\/strong> \/\u00a0Milota Havr\u00e1nkov\u00e1:\u00a0Slobodu si v prvom rade mus\u00edme vytvori\u0165 v sebe<\/a><br><a href=\"https:\/\/dennikn.sk\/1276029\/milota-havrankova-formovala-mladych-fotografov-a-ani-socializmus-jej-nezabranil-experimentovat\/\">2018 <strong>Denn\u00edkN<\/strong> \/\u00a0Milota Havr\u00e1nkov\u00e1 formovala mlad\u00fdch fotografov a\u00a0ani socializmus jej nezabr\u00e1nil experimentova\u0165<\/a><br><a href=\"https:\/\/soda.o2.sk\/lifetech\/technologie\/prva-dama-slovenskej-fotografie-aj-rychle-technologie-maju-svoje-caro\/\">2017 <strong>S\u00f3da<\/strong> \/ \u201ePrv\u00e1 d\u00e1ma\u201c slovenskej fotografie: Aj r\u00fdchle technol\u00f3gie maj\u00fa svoje \u010daro<\/a><br><a href=\"https:\/\/magdamag.sk\/2017\/04\/06\/rozhovor-ide-o-to-naucit-sa-ako-posuvat-veci-v-jemnostiach\/?lang=en\">2017 <strong>MAG D A<\/strong> \/ Interview \/ Milota Havr\u00e1nkov\u00e1 and Igor Marko: How to move things forward in subtleties2016\u00a0<\/a><br><a href=\"https:\/\/www.ta3.com\/relacia\/13230\/portret-miloty-havrankovej\">2017 <strong>TA3<\/strong> \/ Portr\u00e9t Miloty Havr\u00e1nkovej<\/a><br><a href=\"https:\/\/dennikn.sk\/343483\/hola-pravda-milote-havrankovej\/\">2016 <strong>DennikN<\/strong> \/ Milota Havr\u00e1nkov\u00e1: Scen\u00e1r som nemala, stal sa n\u00edm m\u00f4j \u017eivot<\/a><br><a href=\"https:\/\/www.designmag.cz\/udalosti\/59435-milota-havrankova-vystavila-experimenty-s-fotografii.html\">2016 <strong>DESIGNMAG<\/strong> \/\u00a0Milota Havr\u00e1nkov\u00e1 vystavila experimenty s\u00a0fotografi\u00ed<\/a><br><a href=\"https:\/\/artalk.cz\/2016\/01\/14\/kontext-musi-byt-ve-vsem-a-se-vsim\/\">2016 <strong>Artalk.cz<\/strong> \/\u00a0Milota: pades\u00e1t let s fotografi\u00ed<\/a><br><a href=\"https:\/\/ct24.ceskatelevize.cz\/kultura\/1595717-vyfocene-pocity-miloty-havrankove-ignoruji-stereotyp\">2015 <strong>\u010cesk\u00e1 Televize 24<\/strong> \/\u00a0Vyfocen\u00e9 pocity Miloty Havr\u00e1nkov\u00e9 ignoruj\u00ed stereotyp<\/a><br><a href=\"https:\/\/www.tyzden.sk\/casopis\/16727\/milota-havrankova-najvacsie-umenie-je-vediet-zit\/\">2014 <strong>.t\u00fd\u017ede\u0148<\/strong> \/ Milota Havr\u00e1nkov\u00e1: Najv\u00e4\u010d\u0161ie umenie je vedie\u0165 \u017ei\u0165<\/a><br><a href=\"https:\/\/kultura.pravda.sk\/galeria\/clanok\/314973-milota-havrankova-stvorila-ma-fotografia\/\">2014 <strong>Pravda<\/strong> \/ Milota Havr\u00e1nkov\u00e1: Stvorila ma fotografia<\/a><br><a href=\"https:\/\/zenskyweb.sk\/v-umeni-nehladam-ale-nachadzam\">2012 <strong>\u017densk\u00fd web<\/strong> \/\u00a0V umen\u00ed neh\u013ead\u00e1m, ale nach\u00e1dzam<\/a><br><a href=\"https:\/\/feminity.zoznam.sk\/c\/888255\/milota-havrankova-nie-som-nepristupna-blondina\">2009 <strong>Feminity<\/strong> \/Milota Havr\u00e1nkov\u00e1: Nie som nepr\u00edstupn\u00e1 blond\u00edna<\/a><br><a href=\"https:\/\/zena.sme.sk\/c\/3895352\/milota-havrankova-clovek-by-mal-pocuvat-svoj-vnutorny-hlas.html\">2008 <strong>SME \u017dena<\/strong> \/\u00a0Milota Havr\u00e1nkov\u00e1: \u010clovek by mal po\u010d\u00fava\u0165 svoj vn\u00fatorn\u00fd hlas<\/a><\/p>\n<\/div>\n\n\n\n<div class=\"wp-block-column is-layout-flow wp-block-column-is-layout-flow\">\n<figure class=\"wp-block-image size-large\"><img decoding=\"async\" width=\"819\" height=\"1024\" data-src=\"http:\/\/milotahavrankova.com\/wp-content\/uploads\/2022\/06\/press-819x1024.jpg\" alt=\"\" class=\"wp-image-230 lazyload\" data-srcset=\"https:\/\/milotahavrankova.com\/wp-content\/uploads\/2022\/06\/press-819x1024.jpg 819w, https:\/\/milotahavrankova.com\/wp-content\/uploads\/2022\/06\/press-240x300.jpg 240w, https:\/\/milotahavrankova.com\/wp-content\/uploads\/2022\/06\/press-768x960.jpg 768w, https:\/\/milotahavrankova.com\/wp-content\/uploads\/2022\/06\/press-1229x1536.jpg 1229w, https:\/\/milotahavrankova.com\/wp-content\/uploads\/2022\/06\/press.jpg 1575w\" data-sizes=\"(max-width: 819px) 100vw, 819px\" src=\"data:image\/svg+xml;base64,PHN2ZyB3aWR0aD0iMSIgaGVpZ2h0PSIxIiB4bWxucz0iaHR0cDovL3d3dy53My5vcmcvMjAwMC9zdmciPjwvc3ZnPg==\" style=\"--smush-placeholder-width: 819px; --smush-placeholder-aspect-ratio: 819\/1024;\" \/><figcaption>Foto: Nad\u00e1cia Miloty Havr\u00e1nkovej<\/figcaption><\/figure>\n<\/div>\n<\/div>\n","protected":false},"excerpt":{"rendered":"<p>VYBRAN\u00c9 PUBLIK\u00c1CIE A M\u00c9DI\u00c1 2022\u00a0Foto Noviny 58\/22 \/\u00a0Milota Havr\u00e1nkov\u00e1: Nerob\u00edm fotografiu preto, aby som urobila fotografiu2022 Dokument \/\u00a0Branislav \u0160t\u011bp\u00e1nek.\u00a0V kolobehu sebaoslobodzovania2021\u00a0Forbes SK \/\u00a0\u017divot ako na fotke2021 DennikN \/\u00a0Maj\u00fa gur\u00e1\u017e \u00eds\u0165 vlastnou cestou. V\u00fdstava Latentn\u00e9 revol\u00facie ukazuje tvorbu troch v\u00fdnimo\u010dn\u00fdch fotografiek2021 Milliard Sun \/\u00a0Milota Havr\u00e1nkov\u00e1: \u201eM\u00f4j postoj vo\u010di fotografii sa st\u00e1le men\u00ed\u201c2021 Aktuality podcast \/ Milota [&hellip;]<\/p>\n","protected":false},"author":1,"featured_media":0,"parent":0,"menu_order":0,"comment_status":"closed","ping_status":"closed","template":"","meta":{"site-sidebar-layout":"default","site-content-layout":"default","ast-site-content-layout":"default","site-content-style":"default","site-sidebar-style":"default","ast-global-header-display":"","ast-banner-title-visibility":"","ast-main-header-display":"","ast-hfb-above-header-display":"","ast-hfb-below-header-display":"","ast-hfb-mobile-header-display":"","site-post-title":"disabled","ast-breadcrumbs-content":"","ast-featured-img":"","footer-sml-layout":"","ast-disable-related-posts":"","theme-transparent-header-meta":"default","adv-header-id-meta":"","stick-header-meta":"","header-above-stick-meta":"","header-main-stick-meta":"","header-below-stick-meta":"","astra-migrate-meta-layouts":"default","ast-page-background-enabled":"default","ast-page-background-meta":{"desktop":{"background-color":"var(--ast-global-color-4)","background-image":"","background-repeat":"repeat","background-position":"center center","background-size":"auto","background-attachment":"scroll","background-type":"","background-media":"","overlay-type":"","overlay-color":"","overlay-opacity":"","overlay-gradient":""},"tablet":{"background-color":"","background-image":"","background-repeat":"repeat","background-position":"center center","background-size":"auto","background-attachment":"scroll","background-type":"","background-media":"","overlay-type":"","overlay-color":"","overlay-opacity":"","overlay-gradient":""},"mobile":{"background-color":"","background-image":"","background-repeat":"repeat","background-position":"center center","background-size":"auto","background-attachment":"scroll","background-type":"","background-media":"","overlay-type":"","overlay-color":"","overlay-opacity":"","overlay-gradient":""}},"ast-content-background-meta":{"desktop":{"background-color":"var(--ast-global-color-5)","background-image":"","background-repeat":"repeat","background-position":"center center","background-size":"auto","background-attachment":"scroll","background-type":"","background-media":"","overlay-type":"","overlay-color":"","overlay-opacity":"","overlay-gradient":""},"tablet":{"background-color":"var(--ast-global-color-5)","background-image":"","background-repeat":"repeat","background-position":"center center","background-size":"auto","background-attachment":"scroll","background-type":"","background-media":"","overlay-type":"","overlay-color":"","overlay-opacity":"","overlay-gradient":""},"mobile":{"background-color":"var(--ast-global-color-5)","background-image":"","background-repeat":"repeat","background-position":"center center","background-size":"auto","background-attachment":"scroll","background-type":"","background-media":"","overlay-type":"","overlay-color":"","overlay-opacity":"","overlay-gradient":""}},"footnotes":""},"class_list":["post-229","page","type-page","status-publish","hentry"],"_links":{"self":[{"href":"https:\/\/milotahavrankova.com\/sk\/wp-json\/wp\/v2\/pages\/229","targetHints":{"allow":["GET"]}}],"collection":[{"href":"https:\/\/milotahavrankova.com\/sk\/wp-json\/wp\/v2\/pages"}],"about":[{"href":"https:\/\/milotahavrankova.com\/sk\/wp-json\/wp\/v2\/types\/page"}],"author":[{"embeddable":true,"href":"https:\/\/milotahavrankova.com\/sk\/wp-json\/wp\/v2\/users\/1"}],"replies":[{"embeddable":true,"href":"https:\/\/milotahavrankova.com\/sk\/wp-json\/wp\/v2\/comments?post=229"}],"version-history":[{"count":12,"href":"https:\/\/milotahavrankova.com\/sk\/wp-json\/wp\/v2\/pages\/229\/revisions"}],"predecessor-version":[{"id":755,"href":"https:\/\/milotahavrankova.com\/sk\/wp-json\/wp\/v2\/pages\/229\/revisions\/755"}],"wp:attachment":[{"href":"https:\/\/milotahavrankova.com\/sk\/wp-json\/wp\/v2\/media?parent=229"}],"curies":[{"name":"wp","href":"https:\/\/api.w.org\/{rel}","templated":true}]}}