{"id":181,"date":"2022-06-27T12:53:06","date_gmt":"2022-06-27T12:53:06","guid":{"rendered":"http:\/\/mh.markoandplacemakers.com\/?page_id=181"},"modified":"2024-01-16T08:29:46","modified_gmt":"2024-01-16T08:29:46","slug":"kontakt","status":"publish","type":"page","link":"https:\/\/milotahavrankova.com\/en\/kontakt\/","title":{"rendered":"Contact"},"content":{"rendered":"<div class=\"wp-block-columns is-layout-flex wp-container-core-columns-is-layout-c6bc58be wp-block-columns-is-layout-flex\" style=\"padding-top:0px;padding-right:0px;padding-bottom:0px;padding-left:0px\">\n<div class=\"wp-block-column is-layout-flow wp-block-column-is-layout-flow\">\n<p><strong>CONTACT<\/strong><\/p>\n\n\n\n<p>Represented by Milota Havr\u00e1nkov\u00e1 Foundation For more information visit:<\/p>\n\n\n\n<p>Milota Havr\u00e1nkov\u00e1 Foundation<br><a href=\"http:\/\/nadaciamh.sk\" data-type=\"URL\" data-id=\"http:\/\/nadaciamh.sk\" target=\"_blank\" rel=\"noreferrer noopener\">www.nadaciamh.sk<\/a><\/p>\n<\/div>\n\n\n\n<div class=\"wp-block-column is-layout-flow wp-block-column-is-layout-flow\">\n<figure class=\"wp-block-image size-large\"><img decoding=\"async\" width=\"819\" height=\"1024\" data-src=\"http:\/\/mh.markoandplacemakers.com\/wp-content\/uploads\/2022\/06\/contact-819x1024.jpg\" alt=\"\" class=\"wp-image-225 lazyload\" data-srcset=\"https:\/\/milotahavrankova.com\/wp-content\/uploads\/2022\/06\/contact-819x1024.jpg 819w, https:\/\/milotahavrankova.com\/wp-content\/uploads\/2022\/06\/contact-240x300.jpg 240w, https:\/\/milotahavrankova.com\/wp-content\/uploads\/2022\/06\/contact-768x960.jpg 768w, https:\/\/milotahavrankova.com\/wp-content\/uploads\/2022\/06\/contact-1229x1536.jpg 1229w, https:\/\/milotahavrankova.com\/wp-content\/uploads\/2022\/06\/contact.jpg 1575w\" data-sizes=\"(max-width: 819px) 100vw, 819px\" src=\"data:image\/svg+xml;base64,PHN2ZyB3aWR0aD0iMSIgaGVpZ2h0PSIxIiB4bWxucz0iaHR0cDovL3d3dy53My5vcmcvMjAwMC9zdmciPjwvc3ZnPg==\" style=\"--smush-placeholder-width: 819px; --smush-placeholder-aspect-ratio: 819\/1024;\" \/><figcaption class=\"wp-element-caption\">Foto: Milota Havr\u00e1nkov\u00e1<\/figcaption><\/figure>\n<\/div>\n<\/div>","protected":false},"excerpt":{"rendered":"<p>KONTAKT Reprezentovan\u00e1 Nad\u00e1ciou Miloty Havr\u00e1nkovej. Pre viac inform\u00e1ci\u00ed nav\u0161t\u00edvte: N\u00e1d\u00e1cia Miloty Havr\u00e1nkovejwww.nadaciamh.sk<\/p>","protected":false},"author":1,"featured_media":0,"parent":0,"menu_order":0,"comment_status":"closed","ping_status":"closed","template":"","meta":{"site-sidebar-layout":"default","site-content-layout":"","ast-site-content-layout":"default","site-content-style":"default","site-sidebar-style":"default","ast-global-header-display":"","ast-banner-title-visibility":"","ast-main-header-display":"","ast-hfb-above-header-display":"","ast-hfb-below-header-display":"","ast-hfb-mobile-header-display":"","site-post-title":"disabled","ast-breadcrumbs-content":"","ast-featured-img":"","footer-sml-layout":"","ast-disable-related-posts":"","theme-transparent-header-meta":"","adv-header-id-meta":"","stick-header-meta":"","header-above-stick-meta":"","header-main-stick-meta":"","header-below-stick-meta":"","astra-migrate-meta-layouts":"set","ast-page-background-enabled":"default","ast-page-background-meta":{"desktop":{"background-color":"var(--ast-global-color-4)","background-image":"","background-repeat":"repeat","background-position":"center center","background-size":"auto","background-attachment":"scroll","background-type":"","background-media":"","overlay-type":"","overlay-color":"","overlay-opacity":"","overlay-gradient":""},"tablet":{"background-color":"","background-image":"","background-repeat":"repeat","background-position":"center center","background-size":"auto","background-attachment":"scroll","background-type":"","background-media":"","overlay-type":"","overlay-color":"","overlay-opacity":"","overlay-gradient":""},"mobile":{"background-color":"","background-image":"","background-repeat":"repeat","background-position":"center center","background-size":"auto","background-attachment":"scroll","background-type":"","background-media":"","overlay-type":"","overlay-color":"","overlay-opacity":"","overlay-gradient":""}},"ast-content-background-meta":{"desktop":{"background-color":"var(--ast-global-color-5)","background-image":"","background-repeat":"repeat","background-position":"center center","background-size":"auto","background-attachment":"scroll","background-type":"","background-media":"","overlay-type":"","overlay-color":"","overlay-opacity":"","overlay-gradient":""},"tablet":{"background-color":"var(--ast-global-color-5)","background-image":"","background-repeat":"repeat","background-position":"center center","background-size":"auto","background-attachment":"scroll","background-type":"","background-media":"","overlay-type":"","overlay-color":"","overlay-opacity":"","overlay-gradient":""},"mobile":{"background-color":"var(--ast-global-color-5)","background-image":"","background-repeat":"repeat","background-position":"center center","background-size":"auto","background-attachment":"scroll","background-type":"","background-media":"","overlay-type":"","overlay-color":"","overlay-opacity":"","overlay-gradient":""}},"footnotes":""},"class_list":["post-181","page","type-page","status-publish","hentry"],"_links":{"self":[{"href":"https:\/\/milotahavrankova.com\/en\/wp-json\/wp\/v2\/pages\/181","targetHints":{"allow":["GET"]}}],"collection":[{"href":"https:\/\/milotahavrankova.com\/en\/wp-json\/wp\/v2\/pages"}],"about":[{"href":"https:\/\/milotahavrankova.com\/en\/wp-json\/wp\/v2\/types\/page"}],"author":[{"embeddable":true,"href":"https:\/\/milotahavrankova.com\/en\/wp-json\/wp\/v2\/users\/1"}],"replies":[{"embeddable":true,"href":"https:\/\/milotahavrankova.com\/en\/wp-json\/wp\/v2\/comments?post=181"}],"version-history":[{"count":9,"href":"https:\/\/milotahavrankova.com\/en\/wp-json\/wp\/v2\/pages\/181\/revisions"}],"predecessor-version":[{"id":793,"href":"https:\/\/milotahavrankova.com\/en\/wp-json\/wp\/v2\/pages\/181\/revisions\/793"}],"wp:attachment":[{"href":"https:\/\/milotahavrankova.com\/en\/wp-json\/wp\/v2\/media?parent=181"}],"curies":[{"name":"wp","href":"https:\/\/api.w.org\/{rel}","templated":true}]}}