{"id":170,"date":"2022-06-27T11:55:25","date_gmt":"2022-06-27T11:55:25","guid":{"rendered":"http:\/\/mh.markoandplacemakers.com\/?page_id=170"},"modified":"2022-07-11T07:25:53","modified_gmt":"2022-07-11T07:25:53","slug":"nadacia-miloty-havrankovej","status":"publish","type":"page","link":"https:\/\/milotahavrankova.com\/en\/nadacia-miloty-havrankovej\/","title":{"rendered":"Foundation"},"content":{"rendered":"<div class=\"wp-block-columns is-layout-flex wp-container-core-columns-is-layout-c6bc58be wp-block-columns-is-layout-flex\" style=\"padding: 0px;\">\r\n<div class=\"wp-block-column is-layout-flow wp-block-column-is-layout-flow\">\r\n<p><strong>MILOTA HAVR\u00c1NKOV\u00c1 FOUNDATION<\/strong><\/p>\r\n\r\n\r\n\r\n<p>Milota Havr\u00e1nkov\u00e1 Foundation was established in 2021.<\/p>\r\n\r\n\r\n\r\n<p>Milota\u00a0Havr\u00e1nkov\u00e1\u00a0Foundation builds on the body of work of the renowned Slovak photographer\u00a0MilotaHavr\u00e1nkov\u00e1, who consistently and convincingly demonstrates her own uncompromising attitude to one\u2019s inner artistic freedom through this medium.<\/p>\r\n\r\n\r\n\r\n<p>The foundation supports artistic creation and curatorial and exhibition activities of the youngest generations and thus contributes to the understanding of this medium as a complex, dynamically evolving visual language communicating the fundamental questions of our being.<\/p>\r\n\r\n\r\n\r\n<p><a href=\"http:\/\/nadaciamh.sk\" target=\"_blank\" rel=\"noreferrer noopener\">More about the Foundation &gt;<\/a><\/p>\r\n\r\n\r\n\r\n<p>&nbsp;<\/p>\r\n<\/div>\r\n\r\n\r\n\r\n<div class=\"wp-block-column is-layout-flow wp-block-column-is-layout-flow\">\r\n<figure class=\"wp-block-image size-large\"><img decoding=\"async\" width=\"819\" height=\"1024\" class=\"wp-image-223 lazyload\" data-src=\"http:\/\/mh.markoandplacemakers.com\/wp-content\/uploads\/2022\/06\/nadacia-819x1024.jpg\" alt=\"\" data-srcset=\"https:\/\/milotahavrankova.com\/wp-content\/uploads\/2022\/06\/nadacia-819x1024.jpg 819w, https:\/\/milotahavrankova.com\/wp-content\/uploads\/2022\/06\/nadacia-240x300.jpg 240w, https:\/\/milotahavrankova.com\/wp-content\/uploads\/2022\/06\/nadacia-768x960.jpg 768w, https:\/\/milotahavrankova.com\/wp-content\/uploads\/2022\/06\/nadacia-1229x1536.jpg 1229w, https:\/\/milotahavrankova.com\/wp-content\/uploads\/2022\/06\/nadacia.jpg 1575w\" data-sizes=\"(max-width: 819px) 100vw, 819px\" src=\"data:image\/svg+xml;base64,PHN2ZyB3aWR0aD0iMSIgaGVpZ2h0PSIxIiB4bWxucz0iaHR0cDovL3d3dy53My5vcmcvMjAwMC9zdmciPjwvc3ZnPg==\" style=\"--smush-placeholder-width: 819px; --smush-placeholder-aspect-ratio: 819\/1024;\" \/>\r\n<figcaption>Foto: Zuzana Pustaiov\u00e1<\/figcaption>\r\n<\/figure>\r\n<\/div>\r\n<\/div>","protected":false},"excerpt":{"rendered":"<p>NAD\u00c1CIA MILOTY HAVR\u00c1NKOVEJ V roku 2021 vznikla Nad\u00e1cia Miloty Havr\u00e1nkovej. Vo svojich priorit\u00e1ch nadv\u00e4zuje na z\u00e1kladn\u00fd fundament tvorby Miloty Havr\u00e1nkovej, ktor\u00e1 prostredn\u00edctvom tohto m\u00e9dia s\u00fastavne a presved\u010dene demon\u0161truje vlastn\u00fd nekompromisn\u00fd postoj k ot\u00e1zkam vn\u00fatornej umeleckej slobody. Nad\u00e1cia podporuje tvorbu, kur\u00e1torsk\u00fa i v\u00fdstavn\u00fa \u010dinnos\u0165 najmlad\u0161\u00edch gener\u00e1ci\u00ed a prispieva tak k ch\u00e1paniu m\u00e9dia fotografie ako komplexn\u00e9ho, dynamicky [&hellip;]<\/p>\n","protected":false},"author":1,"featured_media":0,"parent":0,"menu_order":0,"comment_status":"closed","ping_status":"closed","template":"","meta":{"site-sidebar-layout":"default","site-content-layout":"default","ast-site-content-layout":"default","site-content-style":"default","site-sidebar-style":"default","ast-global-header-display":"","ast-banner-title-visibility":"","ast-main-header-display":"","ast-hfb-above-header-display":"","ast-hfb-below-header-display":"","ast-hfb-mobile-header-display":"","site-post-title":"disabled","ast-breadcrumbs-content":"","ast-featured-img":"","footer-sml-layout":"","ast-disable-related-posts":"","theme-transparent-header-meta":"default","adv-header-id-meta":"","stick-header-meta":"","header-above-stick-meta":"","header-main-stick-meta":"","header-below-stick-meta":"","astra-migrate-meta-layouts":"default","ast-page-background-enabled":"default","ast-page-background-meta":{"desktop":{"background-color":"var(--ast-global-color-4)","background-image":"","background-repeat":"repeat","background-position":"center center","background-size":"auto","background-attachment":"scroll","background-type":"","background-media":"","overlay-type":"","overlay-color":"","overlay-opacity":"","overlay-gradient":""},"tablet":{"background-color":"","background-image":"","background-repeat":"repeat","background-position":"center center","background-size":"auto","background-attachment":"scroll","background-type":"","background-media":"","overlay-type":"","overlay-color":"","overlay-opacity":"","overlay-gradient":""},"mobile":{"background-color":"","background-image":"","background-repeat":"repeat","background-position":"center center","background-size":"auto","background-attachment":"scroll","background-type":"","background-media":"","overlay-type":"","overlay-color":"","overlay-opacity":"","overlay-gradient":""}},"ast-content-background-meta":{"desktop":{"background-color":"var(--ast-global-color-5)","background-image":"","background-repeat":"repeat","background-position":"center center","background-size":"auto","background-attachment":"scroll","background-type":"","background-media":"","overlay-type":"","overlay-color":"","overlay-opacity":"","overlay-gradient":""},"tablet":{"background-color":"var(--ast-global-color-5)","background-image":"","background-repeat":"repeat","background-position":"center center","background-size":"auto","background-attachment":"scroll","background-type":"","background-media":"","overlay-type":"","overlay-color":"","overlay-opacity":"","overlay-gradient":""},"mobile":{"background-color":"var(--ast-global-color-5)","background-image":"","background-repeat":"repeat","background-position":"center center","background-size":"auto","background-attachment":"scroll","background-type":"","background-media":"","overlay-type":"","overlay-color":"","overlay-opacity":"","overlay-gradient":""}},"footnotes":""},"class_list":["post-170","page","type-page","status-publish","hentry"],"_links":{"self":[{"href":"https:\/\/milotahavrankova.com\/en\/wp-json\/wp\/v2\/pages\/170","targetHints":{"allow":["GET"]}}],"collection":[{"href":"https:\/\/milotahavrankova.com\/en\/wp-json\/wp\/v2\/pages"}],"about":[{"href":"https:\/\/milotahavrankova.com\/en\/wp-json\/wp\/v2\/types\/page"}],"author":[{"embeddable":true,"href":"https:\/\/milotahavrankova.com\/en\/wp-json\/wp\/v2\/users\/1"}],"replies":[{"embeddable":true,"href":"https:\/\/milotahavrankova.com\/en\/wp-json\/wp\/v2\/comments?post=170"}],"version-history":[{"count":12,"href":"https:\/\/milotahavrankova.com\/en\/wp-json\/wp\/v2\/pages\/170\/revisions"}],"predecessor-version":[{"id":749,"href":"https:\/\/milotahavrankova.com\/en\/wp-json\/wp\/v2\/pages\/170\/revisions\/749"}],"wp:attachment":[{"href":"https:\/\/milotahavrankova.com\/en\/wp-json\/wp\/v2\/media?parent=170"}],"curies":[{"name":"wp","href":"https:\/\/api.w.org\/{rel}","templated":true}]}}